{"id":2975,"date":"2017-08-30T10:09:53","date_gmt":"2017-08-30T10:09:53","guid":{"rendered":"http:\/\/eorrangeshop.com\/wp\/theme\/charity\/?page_id=2975"},"modified":"2020-05-26T00:30:14","modified_gmt":"2020-05-25T22:30:14","slug":"about-us","status":"publish","type":"page","link":"https:\/\/www.fondazionegraziella.it\/?page_id=2975","title":{"rendered":"Chi siamo"},"content":{"rendered":"<p>[vc_row][vc_column]<div class=\"section-header text-center style-2\">\n\t\t\t\t\t<h3 class=\"section-title\">CHI <span class=\"theme-color\">SIAMO<\/span><\/h3><\/div>[\/vc_column][\/vc_row][vc_row][vc_column width=&#8221;1\/2&#8243;][vc_single_image image=&#8221;4300&#8243; img_size=&#8221;full&#8221; alignment=&#8221;center&#8221; style=&#8221;vc_box_shadow_3d&#8221; title=&#8221;Angelo Gori&#8221;][\/vc_column][vc_column width=&#8221;1\/2&#8243; css=&#8221;.vc_custom_1504095842182{margin-top: 40px !important;}&#8221;][vc_column_text]<\/p>\n<h2><strong>La Fondazione\u00a0<\/strong><\/h2>\n<p>La Fondazione \u00e8 intitolata ad <strong>Angelo Gori<\/strong>, il terzo figlio di <strong>Graziella Buoncompagni<\/strong>, fondatrice di <strong>Graziella Holding<\/strong>. Tragicamente scomparso nell&#8217;anno 2000 in un incidente d&#8217;auto, nella sua breve vita Angelo si era sempre distinto per la sua creativit\u00e0 e per la grande generosit\u00e0.<br \/>\nIn nome delle sue qualit\u00e0, i familiari hanno affidato all&#8217;organizzazione il compito di continuare nel suo nome ad operare nel sociale.<br \/>\nLa Fondazione conta sull&#8217;aiuto delle famiglie Gori, Buoncompagni, Benevieri, Casagni, Gnaldi e conseguentemente di Graziella Holding, ed ha scelto di concentrare le sue attivit\u00e0 umanitarie in <strong>Italia<\/strong> e nei <strong>Paesi del terzo Mondo<\/strong>.[\/vc_column_text][\/vc_column][\/vc_row][vc_row css=&#8221;.vc_custom_1548869635784{margin-top: 80px !important;}&#8221;][vc_column width=&#8221;1\/2&#8243;][vc_column_text]<\/p>\n<h2><strong>La mission della Fondazione<\/strong><\/h2>\n<p>La Fondazione Graziella, Angelo Gori, ha lo scopo:<\/p>\n<ul>\n<li>di promuovere e sviluppare in favore delle popolazioni del <strong>terzo Mondo<\/strong>: l&#8217;assistenza sanitaria, l&#8217;istruzione di base, l&#8217;istruzione di norme igienico sanitarie, la diffusione di tecniche produttive e l&#8217;uso di strumenti agricoli, la ricerca e la creazione di pozzi di acqua potabile, l&#8217;autosufficienza idrica;<\/li>\n<li>di promuovere e sviluppare progetti nei settori sopra indicati anche in favore della <strong>popolazione italiana ed, in particolare, di tutta la Provincia di Arezzo.<\/strong><\/li>\n<\/ul>\n<p>La Fondazione ha inoltre lo scopo di soddisfare l&#8217;esigenza di promuovere un movimento di solidariet\u00e0 volto alla protezione di ogni essere umano bisognoso di aiuto, assistenza e tutela. La Fondazione potr\u00e0 perseguire lo scopo sociale anche aderendo e\/o partecipando ad iniziative e\/o attivit\u00e0 ideate, realizzate e gestite da altri enti. La Fondazione potr\u00e0 partecipare ad altri enti senza scopo di lucro ed organismi aventi scopi affini o complementari. La Fondazione potr\u00e0 organizzare raccolta di fondi per il perseguimento degli scopi sopra indicati. La Fondazione, nel perseguimento del proprio scopo, potr\u00e0 avviare tutte le iniziative ritenute utili od opportune, escluse comunque quelle attivit\u00e0 che comportino l&#8217;assunzione della qualifica di ente commerciale.[\/vc_column_text][\/vc_column][vc_column width=&#8221;1\/2&#8243;][vc_single_image image=&#8221;3828&#8243; img_size=&#8221;full&#8221; alignment=&#8221;center&#8221; style=&#8221;vc_box_shadow_3d&#8221; title=&#8221;Maria Rosa Gori in Niger&#8221;][\/vc_column][\/vc_row][vc_section css=&#8221;.vc_custom_1548868786458{margin-top: 85px !important;}&#8221;][vc_row full_width=&#8221;stretch_row_content_no_spaces&#8221;][vc_column]<div class=\"gallery-carousel owl-carousel\"><div class=\"gallery-item\">\n\t\t\t\t\t\t\t\t\t<div class=\"gallery-inner\"><div class=\"gallery-thumb\"><img loading=\"lazy\" decoding=\"async\" width=\"2560\" height=\"1707\" src=\"https:\/\/www.fondazionegraziella.it\/wp-content\/uploads\/2026\/03\/Graziella-Group-Spa1449-scaled.jpg\" class=\"img-responsive wp-post-image\" alt=\"\" srcset=\"https:\/\/www.fondazionegraziella.it\/wp-content\/uploads\/2026\/03\/Graziella-Group-Spa1449-scaled.jpg 2560w, https:\/\/www.fondazionegraziella.it\/wp-content\/uploads\/2026\/03\/Graziella-Group-Spa1449-300x200.jpg 300w, https:\/\/www.fondazionegraziella.it\/wp-content\/uploads\/2026\/03\/Graziella-Group-Spa1449-1024x683.jpg 1024w, https:\/\/www.fondazionegraziella.it\/wp-content\/uploads\/2026\/03\/Graziella-Group-Spa1449-768x512.jpg 768w, https:\/\/www.fondazionegraziella.it\/wp-content\/uploads\/2026\/03\/Graziella-Group-Spa1449-1536x1024.jpg 1536w, https:\/\/www.fondazionegraziella.it\/wp-content\/uploads\/2026\/03\/Graziella-Group-Spa1449-2048x1365.jpg 2048w\" sizes=\"auto, (max-width: 2560px) 100vw, 2560px\" \/><\/div><div class=\"gallery-content-wrap\">\n\t\t\t\t\t\t\t\t\t\t\t<div class=\"gallery-content\">\n\t\t\t\t\t\t\t\t\t\t\t\t<a class=\"gallery-zoom-icon image-large\" href=\"https:\/\/www.fondazionegraziella.it\/wp-content\/uploads\/2026\/03\/Graziella-Group-Spa1449-scaled.jpg\">\n\t\t\t\t\t\t\t\t\t\t\t\t\t<i class=\"fa fa-search-plus\"><\/i>\n\t\t\t\t\t\t\t\t\t\t\t\t<\/a>\n\t\t\t\t\t\t\t\t\t\t\t\t<h5 class=\"gallery-title\">La Sig.ra Graziella nel suo mercatino di beneficenza nella Parrocchia dei Santi Pietro e Paolo di Campoluci ad Arezzo<\/h5>\n\t\t\t\t\t\t\t\t\t\t\t<\/div>\n\t\t\t\t\t\t\t\t\t\t<\/div>\n\t\t\t\t\t\t\t\t\t<\/div>\n\t\t\t\t\t\t\t\t<\/div><div class=\"gallery-item\">\n\t\t\t\t\t\t\t\t\t<div class=\"gallery-inner\"><div class=\"gallery-thumb\"><img loading=\"lazy\" decoding=\"async\" width=\"1772\" height=\"1181\" src=\"https:\/\/www.fondazionegraziella.it\/wp-content\/uploads\/2026\/03\/Graziella-Holding-Graziella-Buoncompagni-1.jpg\" class=\"img-responsive wp-post-image\" alt=\"\" srcset=\"https:\/\/www.fondazionegraziella.it\/wp-content\/uploads\/2026\/03\/Graziella-Holding-Graziella-Buoncompagni-1.jpg 1772w, https:\/\/www.fondazionegraziella.it\/wp-content\/uploads\/2026\/03\/Graziella-Holding-Graziella-Buoncompagni-1-300x200.jpg 300w, https:\/\/www.fondazionegraziella.it\/wp-content\/uploads\/2026\/03\/Graziella-Holding-Graziella-Buoncompagni-1-1024x682.jpg 1024w, https:\/\/www.fondazionegraziella.it\/wp-content\/uploads\/2026\/03\/Graziella-Holding-Graziella-Buoncompagni-1-768x512.jpg 768w, https:\/\/www.fondazionegraziella.it\/wp-content\/uploads\/2026\/03\/Graziella-Holding-Graziella-Buoncompagni-1-1536x1024.jpg 1536w\" sizes=\"auto, (max-width: 1772px) 100vw, 1772px\" \/><\/div><div class=\"gallery-content-wrap\">\n\t\t\t\t\t\t\t\t\t\t\t<div class=\"gallery-content\">\n\t\t\t\t\t\t\t\t\t\t\t\t<a class=\"gallery-zoom-icon image-large\" href=\"https:\/\/www.fondazionegraziella.it\/wp-content\/uploads\/2026\/03\/Graziella-Holding-Graziella-Buoncompagni-1.jpg\">\n\t\t\t\t\t\t\t\t\t\t\t\t\t<i class=\"fa fa-search-plus\"><\/i>\n\t\t\t\t\t\t\t\t\t\t\t\t<\/a>\n\t\t\t\t\t\t\t\t\t\t\t\t<h5 class=\"gallery-title\">Addio a Graziella Buoncompagni, prima imprenditrice orafa di Arezzo<\/h5>\n\t\t\t\t\t\t\t\t\t\t\t<\/div>\n\t\t\t\t\t\t\t\t\t\t<\/div>\n\t\t\t\t\t\t\t\t\t<\/div>\n\t\t\t\t\t\t\t\t<\/div><div class=\"gallery-item\">\n\t\t\t\t\t\t\t\t\t<div class=\"gallery-inner\"><div class=\"gallery-thumb\"><img loading=\"lazy\" decoding=\"async\" width=\"1772\" height=\"1181\" src=\"https:\/\/www.fondazionegraziella.it\/wp-content\/uploads\/2026\/03\/Fondazione-Graziella-Visita-Torre-1.jpg\" class=\"img-responsive wp-post-image\" alt=\"\" srcset=\"https:\/\/www.fondazionegraziella.it\/wp-content\/uploads\/2026\/03\/Fondazione-Graziella-Visita-Torre-1.jpg 1772w, https:\/\/www.fondazionegraziella.it\/wp-content\/uploads\/2026\/03\/Fondazione-Graziella-Visita-Torre-1-300x200.jpg 300w, https:\/\/www.fondazionegraziella.it\/wp-content\/uploads\/2026\/03\/Fondazione-Graziella-Visita-Torre-1-1024x682.jpg 1024w, https:\/\/www.fondazionegraziella.it\/wp-content\/uploads\/2026\/03\/Fondazione-Graziella-Visita-Torre-1-768x512.jpg 768w, https:\/\/www.fondazionegraziella.it\/wp-content\/uploads\/2026\/03\/Fondazione-Graziella-Visita-Torre-1-1536x1024.jpg 1536w\" sizes=\"auto, (max-width: 1772px) 100vw, 1772px\" \/><\/div><div class=\"gallery-content-wrap\">\n\t\t\t\t\t\t\t\t\t\t\t<div class=\"gallery-content\">\n\t\t\t\t\t\t\t\t\t\t\t\t<a class=\"gallery-zoom-icon image-large\" href=\"https:\/\/www.fondazionegraziella.it\/wp-content\/uploads\/2026\/03\/Fondazione-Graziella-Visita-Torre-1.jpg\">\n\t\t\t\t\t\t\t\t\t\t\t\t\t<i class=\"fa fa-search-plus\"><\/i>\n\t\t\t\t\t\t\t\t\t\t\t\t<\/a>\n\t\t\t\t\t\t\t\t\t\t\t\t<h5 class=\"gallery-title\">Visita del direttore generale Marco Torre alla sede della Fondazione Graziella<\/h5>\n\t\t\t\t\t\t\t\t\t\t\t<\/div>\n\t\t\t\t\t\t\t\t\t\t<\/div>\n\t\t\t\t\t\t\t\t\t<\/div>\n\t\t\t\t\t\t\t\t<\/div><div class=\"gallery-item\">\n\t\t\t\t\t\t\t\t\t<div class=\"gallery-inner\"><div class=\"gallery-thumb\"><img loading=\"lazy\" decoding=\"async\" width=\"1772\" height=\"1181\" src=\"https:\/\/www.fondazionegraziella.it\/wp-content\/uploads\/2026\/03\/Fondazione-Graziella-Donazione-San-Donato-2026-1.jpg\" class=\"img-responsive wp-post-image\" alt=\"\" srcset=\"https:\/\/www.fondazionegraziella.it\/wp-content\/uploads\/2026\/03\/Fondazione-Graziella-Donazione-San-Donato-2026-1.jpg 1772w, https:\/\/www.fondazionegraziella.it\/wp-content\/uploads\/2026\/03\/Fondazione-Graziella-Donazione-San-Donato-2026-1-300x200.jpg 300w, https:\/\/www.fondazionegraziella.it\/wp-content\/uploads\/2026\/03\/Fondazione-Graziella-Donazione-San-Donato-2026-1-1024x682.jpg 1024w, https:\/\/www.fondazionegraziella.it\/wp-content\/uploads\/2026\/03\/Fondazione-Graziella-Donazione-San-Donato-2026-1-768x512.jpg 768w, https:\/\/www.fondazionegraziella.it\/wp-content\/uploads\/2026\/03\/Fondazione-Graziella-Donazione-San-Donato-2026-1-1536x1024.jpg 1536w\" sizes=\"auto, (max-width: 1772px) 100vw, 1772px\" \/><\/div><div class=\"gallery-content-wrap\">\n\t\t\t\t\t\t\t\t\t\t\t<div class=\"gallery-content\">\n\t\t\t\t\t\t\t\t\t\t\t\t<a class=\"gallery-zoom-icon image-large\" href=\"https:\/\/www.fondazionegraziella.it\/wp-content\/uploads\/2026\/03\/Fondazione-Graziella-Donazione-San-Donato-2026-1.jpg\">\n\t\t\t\t\t\t\t\t\t\t\t\t\t<i class=\"fa fa-search-plus\"><\/i>\n\t\t\t\t\t\t\t\t\t\t\t\t<\/a>\n\t\t\t\t\t\t\t\t\t\t\t\t<h5 class=\"gallery-title\">Donazione all\u2019ospedale San Donato dalla Fondazione Graziella &#8211; Angelo Gori<\/h5>\n\t\t\t\t\t\t\t\t\t\t\t<\/div>\n\t\t\t\t\t\t\t\t\t\t<\/div>\n\t\t\t\t\t\t\t\t\t<\/div>\n\t\t\t\t\t\t\t\t<\/div><div class=\"gallery-item\">\n\t\t\t\t\t\t\t\t\t<div class=\"gallery-inner\"><div class=\"gallery-thumb\"><img loading=\"lazy\" decoding=\"async\" width=\"600\" height=\"399\" src=\"https:\/\/www.fondazionegraziella.it\/wp-content\/uploads\/2025\/01\/6c60f105-ce51-463d-8f40-4b9de9eead6a-BIS.jpg\" class=\"img-responsive wp-post-image\" alt=\"\" srcset=\"https:\/\/www.fondazionegraziella.it\/wp-content\/uploads\/2025\/01\/6c60f105-ce51-463d-8f40-4b9de9eead6a-BIS.jpg 600w, https:\/\/www.fondazionegraziella.it\/wp-content\/uploads\/2025\/01\/6c60f105-ce51-463d-8f40-4b9de9eead6a-BIS-300x200.jpg 300w\" sizes=\"auto, (max-width: 600px) 100vw, 600px\" \/><\/div><div class=\"gallery-content-wrap\">\n\t\t\t\t\t\t\t\t\t\t\t<div class=\"gallery-content\">\n\t\t\t\t\t\t\t\t\t\t\t\t<a class=\"gallery-zoom-icon image-large\" href=\"https:\/\/www.fondazionegraziella.it\/wp-content\/uploads\/2025\/01\/6c60f105-ce51-463d-8f40-4b9de9eead6a-BIS.jpg\">\n\t\t\t\t\t\t\t\t\t\t\t\t\t<i class=\"fa fa-search-plus\"><\/i>\n\t\t\t\t\t\t\t\t\t\t\t\t<\/a>\n\t\t\t\t\t\t\t\t\t\t\t\t<h5 class=\"gallery-title\">APERICENA SOLIDALE E INAUGURAZIONE RESTYLING SEDE BRACCIALINI DI SCANDICCI<\/h5>\n\t\t\t\t\t\t\t\t\t\t\t<\/div>\n\t\t\t\t\t\t\t\t\t\t<\/div>\n\t\t\t\t\t\t\t\t\t<\/div>\n\t\t\t\t\t\t\t\t<\/div><div class=\"gallery-item\">\n\t\t\t\t\t\t\t\t\t<div class=\"gallery-inner\"><div class=\"gallery-thumb\"><img loading=\"lazy\" decoding=\"async\" width=\"600\" height=\"399\" src=\"https:\/\/www.fondazionegraziella.it\/wp-content\/uploads\/2025\/01\/686c4b90-7142-4418-a88c-2f24b8e843ba-BIS.jpg\" class=\"img-responsive wp-post-image\" alt=\"INAUGURAZIONE SEDE BRACCIALINI E APERICENA SOLIDALE\" srcset=\"https:\/\/www.fondazionegraziella.it\/wp-content\/uploads\/2025\/01\/686c4b90-7142-4418-a88c-2f24b8e843ba-BIS.jpg 600w, https:\/\/www.fondazionegraziella.it\/wp-content\/uploads\/2025\/01\/686c4b90-7142-4418-a88c-2f24b8e843ba-BIS-300x200.jpg 300w\" sizes=\"auto, (max-width: 600px) 100vw, 600px\" \/><\/div><div class=\"gallery-content-wrap\">\n\t\t\t\t\t\t\t\t\t\t\t<div class=\"gallery-content\">\n\t\t\t\t\t\t\t\t\t\t\t\t<a class=\"gallery-zoom-icon image-large\" href=\"https:\/\/www.fondazionegraziella.it\/wp-content\/uploads\/2025\/01\/686c4b90-7142-4418-a88c-2f24b8e843ba-BIS.jpg\">\n\t\t\t\t\t\t\t\t\t\t\t\t\t<i class=\"fa fa-search-plus\"><\/i>\n\t\t\t\t\t\t\t\t\t\t\t\t<\/a>\n\t\t\t\t\t\t\t\t\t\t\t\t<h5 class=\"gallery-title\">TAGLIO DEL NASTRO SEDE BRACCIALINI NEW LOOK<\/h5>\n\t\t\t\t\t\t\t\t\t\t\t<\/div>\n\t\t\t\t\t\t\t\t\t\t<\/div>\n\t\t\t\t\t\t\t\t\t<\/div>\n\t\t\t\t\t\t\t\t<\/div><div class=\"gallery-item\">\n\t\t\t\t\t\t\t\t\t<div class=\"gallery-inner\"><div class=\"gallery-thumb\"><img loading=\"lazy\" decoding=\"async\" width=\"1772\" height=\"1181\" src=\"https:\/\/www.fondazionegraziella.it\/wp-content\/uploads\/2024\/12\/f.jpg\" class=\"img-responsive wp-post-image\" alt=\"\" srcset=\"https:\/\/www.fondazionegraziella.it\/wp-content\/uploads\/2024\/12\/f.jpg 1772w, https:\/\/www.fondazionegraziella.it\/wp-content\/uploads\/2024\/12\/f-300x200.jpg 300w, https:\/\/www.fondazionegraziella.it\/wp-content\/uploads\/2024\/12\/f-1024x682.jpg 1024w, https:\/\/www.fondazionegraziella.it\/wp-content\/uploads\/2024\/12\/f-768x512.jpg 768w, https:\/\/www.fondazionegraziella.it\/wp-content\/uploads\/2024\/12\/f-1536x1024.jpg 1536w\" sizes=\"auto, (max-width: 1772px) 100vw, 1772px\" \/><\/div><div class=\"gallery-content-wrap\">\n\t\t\t\t\t\t\t\t\t\t\t<div class=\"gallery-content\">\n\t\t\t\t\t\t\t\t\t\t\t\t<a class=\"gallery-zoom-icon image-large\" href=\"https:\/\/www.fondazionegraziella.it\/wp-content\/uploads\/2024\/12\/f.jpg\">\n\t\t\t\t\t\t\t\t\t\t\t\t\t<i class=\"fa fa-search-plus\"><\/i>\n\t\t\t\t\t\t\t\t\t\t\t\t<\/a>\n\t\t\t\t\t\t\t\t\t\t\t\t<h5 class=\"gallery-title\">Croce Bianca Donazione Ambulanza Unit\u00e0 pediatrica<\/h5>\n\t\t\t\t\t\t\t\t\t\t\t<\/div>\n\t\t\t\t\t\t\t\t\t\t<\/div>\n\t\t\t\t\t\t\t\t\t<\/div>\n\t\t\t\t\t\t\t\t<\/div><div class=\"gallery-item\">\n\t\t\t\t\t\t\t\t\t<div class=\"gallery-inner\"><div class=\"gallery-thumb\"><img loading=\"lazy\" decoding=\"async\" width=\"1772\" height=\"1181\" src=\"https:\/\/www.fondazionegraziella.it\/wp-content\/uploads\/2024\/12\/Fondazione-Graziella-Donazione-ambulanza-2.jpg\" class=\"img-responsive wp-post-image\" alt=\"\" srcset=\"https:\/\/www.fondazionegraziella.it\/wp-content\/uploads\/2024\/12\/Fondazione-Graziella-Donazione-ambulanza-2.jpg 1772w, https:\/\/www.fondazionegraziella.it\/wp-content\/uploads\/2024\/12\/Fondazione-Graziella-Donazione-ambulanza-2-300x200.jpg 300w, https:\/\/www.fondazionegraziella.it\/wp-content\/uploads\/2024\/12\/Fondazione-Graziella-Donazione-ambulanza-2-1024x682.jpg 1024w, https:\/\/www.fondazionegraziella.it\/wp-content\/uploads\/2024\/12\/Fondazione-Graziella-Donazione-ambulanza-2-768x512.jpg 768w, https:\/\/www.fondazionegraziella.it\/wp-content\/uploads\/2024\/12\/Fondazione-Graziella-Donazione-ambulanza-2-1536x1024.jpg 1536w\" sizes=\"auto, (max-width: 1772px) 100vw, 1772px\" \/><\/div><div class=\"gallery-content-wrap\">\n\t\t\t\t\t\t\t\t\t\t\t<div class=\"gallery-content\">\n\t\t\t\t\t\t\t\t\t\t\t\t<a class=\"gallery-zoom-icon image-large\" href=\"https:\/\/www.fondazionegraziella.it\/wp-content\/uploads\/2024\/12\/Fondazione-Graziella-Donazione-ambulanza-2.jpg\">\n\t\t\t\t\t\t\t\t\t\t\t\t\t<i class=\"fa fa-search-plus\"><\/i>\n\t\t\t\t\t\t\t\t\t\t\t\t<\/a>\n\t\t\t\t\t\t\t\t\t\t\t\t<h5 class=\"gallery-title\">Croce Bianca Donazione Ambulanza Unit\u00e0 Pediatrica<\/h5>\n\t\t\t\t\t\t\t\t\t\t\t<\/div>\n\t\t\t\t\t\t\t\t\t\t<\/div>\n\t\t\t\t\t\t\t\t\t<\/div>\n\t\t\t\t\t\t\t\t<\/div><div class=\"gallery-item\">\n\t\t\t\t\t\t\t\t\t<div class=\"gallery-inner\"><div class=\"gallery-thumb\"><img loading=\"lazy\" decoding=\"async\" width=\"1772\" height=\"1181\" src=\"https:\/\/www.fondazionegraziella.it\/wp-content\/uploads\/2024\/02\/Fondazione-Graziella-Giochiamo-dentro-2.jpg\" class=\"img-responsive wp-post-image\" alt=\"GIOCHIAMO DENTRO con MAURIZIO ROVERI educatore\" srcset=\"https:\/\/www.fondazionegraziella.it\/wp-content\/uploads\/2024\/02\/Fondazione-Graziella-Giochiamo-dentro-2.jpg 1772w, https:\/\/www.fondazionegraziella.it\/wp-content\/uploads\/2024\/02\/Fondazione-Graziella-Giochiamo-dentro-2-300x200.jpg 300w, https:\/\/www.fondazionegraziella.it\/wp-content\/uploads\/2024\/02\/Fondazione-Graziella-Giochiamo-dentro-2-1024x682.jpg 1024w, https:\/\/www.fondazionegraziella.it\/wp-content\/uploads\/2024\/02\/Fondazione-Graziella-Giochiamo-dentro-2-768x512.jpg 768w, https:\/\/www.fondazionegraziella.it\/wp-content\/uploads\/2024\/02\/Fondazione-Graziella-Giochiamo-dentro-2-1536x1024.jpg 1536w\" sizes=\"auto, (max-width: 1772px) 100vw, 1772px\" \/><\/div><div class=\"gallery-content-wrap\">\n\t\t\t\t\t\t\t\t\t\t\t<div class=\"gallery-content\">\n\t\t\t\t\t\t\t\t\t\t\t\t<a class=\"gallery-zoom-icon image-large\" href=\"https:\/\/www.fondazionegraziella.it\/wp-content\/uploads\/2024\/02\/Fondazione-Graziella-Giochiamo-dentro-2.jpg\">\n\t\t\t\t\t\t\t\t\t\t\t\t\t<i class=\"fa fa-search-plus\"><\/i>\n\t\t\t\t\t\t\t\t\t\t\t\t<\/a>\n\t\t\t\t\t\t\t\t\t\t\t\t<h5 class=\"gallery-title\">&#8220;GIOCHIAMO DENTRO&#8221; corso con l&#8217;educatore Maurizio Roveri di &#8221; SEMPRE POSITIVI&#8221;<\/h5>\n\t\t\t\t\t\t\t\t\t\t\t<\/div>\n\t\t\t\t\t\t\t\t\t\t<\/div>\n\t\t\t\t\t\t\t\t\t<\/div>\n\t\t\t\t\t\t\t\t<\/div><div class=\"gallery-item\">\n\t\t\t\t\t\t\t\t\t<div class=\"gallery-inner\"><div class=\"gallery-content-wrap\">\n\t\t\t\t\t\t\t\t\t\t\t<div class=\"gallery-content\">\n\t\t\t\t\t\t\t\t\t\t\t\t<a class=\"gallery-zoom-icon image-large\" href=\"\">\n\t\t\t\t\t\t\t\t\t\t\t\t\t<i class=\"fa fa-search-plus\"><\/i>\n\t\t\t\t\t\t\t\t\t\t\t\t<\/a>\n\t\t\t\t\t\t\t\t\t\t\t\t<h5 class=\"gallery-title\">Il Dispensario di Mahasoa, Madagascar. Tecla Onlus<\/h5>\n\t\t\t\t\t\t\t\t\t\t\t<\/div>\n\t\t\t\t\t\t\t\t\t\t<\/div>\n\t\t\t\t\t\t\t\t\t<\/div>\n\t\t\t\t\t\t\t\t<\/div><\/div>[\/vc_column][\/vc_row][\/vc_section]<\/p>\n","protected":false},"excerpt":{"rendered":"<p>[vc_row][vc_column][\/vc_column][\/vc_row][vc_row][vc_column width=&#8221;1\/2&#8243;][vc_single_image image=&#8221;4300&#8243; img_size=&#8221;full&#8221; alignment=&#8221;center&#8221; style=&#8221;vc_box_shadow_3d&#8221; title=&#8221;Angelo Gori&#8221;][\/vc_column][vc_column width=&#8221;1\/2&#8243; css=&#8221;.vc_custom_1504095842182{margin-top: 40px !important;}&#8221;][vc_column_text] La Fondazione\u00a0 La Fondazione \u00e8 intitolata ad Angelo Gori, il terzo figlio di Graziella Buoncompagni, fondatrice di Graziella Holding. Tragicamente scomparso nell&#8217;anno 2000 in un incidente d&#8217;auto, nella sua breve vita Angelo si era sempre distinto per la sua creativit\u00e0 e per la [&hellip;]<\/p>\n","protected":false},"author":1,"featured_media":0,"parent":0,"menu_order":0,"comment_status":"closed","ping_status":"closed","template":"page-header-one.php","meta":{"footnotes":""},"class_list":["post-2975","page","type-page","status-publish","hentry"],"_links":{"self":[{"href":"https:\/\/www.fondazionegraziella.it\/index.php?rest_route=\/wp\/v2\/pages\/2975","targetHints":{"allow":["GET"]}}],"collection":[{"href":"https:\/\/www.fondazionegraziella.it\/index.php?rest_route=\/wp\/v2\/pages"}],"about":[{"href":"https:\/\/www.fondazionegraziella.it\/index.php?rest_route=\/wp\/v2\/types\/page"}],"author":[{"embeddable":true,"href":"https:\/\/www.fondazionegraziella.it\/index.php?rest_route=\/wp\/v2\/users\/1"}],"replies":[{"embeddable":true,"href":"https:\/\/www.fondazionegraziella.it\/index.php?rest_route=%2Fwp%2Fv2%2Fcomments&post=2975"}],"version-history":[{"count":35,"href":"https:\/\/www.fondazionegraziella.it\/index.php?rest_route=\/wp\/v2\/pages\/2975\/revisions"}],"predecessor-version":[{"id":4092,"href":"https:\/\/www.fondazionegraziella.it\/index.php?rest_route=\/wp\/v2\/pages\/2975\/revisions\/4092"}],"wp:attachment":[{"href":"https:\/\/www.fondazionegraziella.it\/index.php?rest_route=%2Fwp%2Fv2%2Fmedia&parent=2975"}],"curies":[{"name":"wp","href":"https:\/\/api.w.org\/{rel}","templated":true}]}}